{"id":850,"date":"2021-12-02T12:55:20","date_gmt":"2021-12-02T12:55:20","guid":{"rendered":"http:\/\/2021.on-stage-kids.de\/?page_id=850"},"modified":"2023-07-31T08:03:38","modified_gmt":"2023-07-31T08:03:38","slug":"kontakt","status":"publish","type":"page","link":"https:\/\/on-stage-kids.de\/startseite\/kontakt\/","title":{"rendered":"Kontakt"},"content":{"rendered":"<p><div class=\"fusion-fullwidth fullwidth-box fusion-builder-row-1 fusion-flex-container nonhundred-percent-fullwidth non-hundred-percent-height-scrolling\" style=\"--link_hover_color: #607d8b;--link_color: #ffffff;--awb-border-sizes-bottom:1px;--awb-border-color:#ffffff;--awb-border-radius-top-left:0px;--awb-border-radius-top-right:0px;--awb-border-radius-bottom-right:0px;--awb-border-radius-bottom-left:0px;--awb-margin-top:2em;--awb-flex-wrap:wrap;\" ><div class=\"fusion-builder-row fusion-row fusion-flex-align-items-flex-start fusion-flex-content-wrap\" style=\"max-width:1248px;margin-left: calc(-4% \/ 2 );margin-right: calc(-4% \/ 2 );\"><div class=\"fusion-layout-column fusion_builder_column fusion-builder-column-0 fusion_builder_column_1_1 1_1 fusion-flex-column\" style=\"--awb-bg-size:cover;--awb-width-large:100%;--awb-margin-top-large:0px;--awb-spacing-right-large:1.92%;--awb-margin-bottom-large:20px;--awb-spacing-left-large:1.92%;--awb-width-medium:100%;--awb-order-medium:0;--awb-spacing-right-medium:1.92%;--awb-spacing-left-medium:1.92%;--awb-width-small:100%;--awb-order-small:0;--awb-spacing-right-small:1.92%;--awb-spacing-left-small:1.92%;\"><div class=\"fusion-column-wrapper fusion-column-has-shadow fusion-flex-justify-content-flex-start fusion-content-layout-column\"><div class=\"fusion-text fusion-text-1\" style=\"--awb-text-transform:none;\"><h1>Kontakt<\/h1>\n<\/div><div class=\"fusion-text fusion-text-2\" style=\"--awb-text-transform:none;\"><p>Bei Fragen rund um unsere Kurse, Kurszeiten, Anmeldungen oder wenn du weitere Informationen w\u00fcnschst, stehen wir gerne am On Stage-Kids Info-Telefon zur Verf\u00fcgung. Nat\u00fcrlich kannst du uns auch gerne rund um die Uhr \u00fcber das Kontaktformular eine Nachricht oder Frage hinterlassen, wir melden uns schnellstm\u00f6glich bei dir.<\/p>\n<\/div><\/div><\/div><div class=\"fusion-layout-column fusion_builder_column fusion-builder-column-1 fusion_builder_column_1_2 1_2 fusion-flex-column\" style=\"--awb-bg-size:cover;--awb-width-large:50%;--awb-margin-top-large:0px;--awb-spacing-right-large:3.84%;--awb-margin-bottom-large:20px;--awb-spacing-left-large:3.84%;--awb-width-medium:100%;--awb-order-medium:0;--awb-spacing-right-medium:1.92%;--awb-spacing-left-medium:1.92%;--awb-width-small:100%;--awb-order-small:0;--awb-spacing-right-small:1.92%;--awb-spacing-left-small:1.92%;\"><div class=\"fusion-column-wrapper fusion-column-has-shadow fusion-flex-justify-content-flex-start fusion-content-layout-column\"><div class=\"fusion-text fusion-text-3\" style=\"--awb-text-transform:none;\"><p>ON STAGE Kids<br \/>\nAm Felde 56<br \/>\n22765 Hamburg<\/p>\n<p><strong>Leitung &amp; Administration On Stage Kids:<\/strong><\/p>\n<\/div><div class=\"fusion-text fusion-text-4\" style=\"--awb-text-transform:none;\"><p><i class=\"fb-icon-element-1 fb-icon-element fontawesome-icon fa-phone-alt fas circle-yes fusion-text-flow\" style=\"--awb-circlebordersize:1px;--awb-font-size:19.36px;--awb-width:38.72px;--awb-height:38.72px;--awb-line-height:36.72px;--awb-margin-right:11px;\"><\/i>040 355 407 86<\/p>\n<\/div><div class=\"fusion-text fusion-text-5\" style=\"--awb-text-transform:none;\"><p><i class=\"fb-icon-element-2 fb-icon-element fontawesome-icon fa-phone-alt fas circle-yes fusion-text-flow\" style=\"--awb-circlebordersize:1px;--awb-font-size:19.36px;--awb-width:38.72px;--awb-height:38.72px;--awb-line-height:36.72px;--awb-margin-right:11px;\"><\/i>040 270 04 04<\/p>\n<\/div><div class=\"fusion-text fusion-text-6\" style=\"--awb-text-transform:none;\"><p>Mo. &#8211; Fr. 14:30 \u2013 18:30 Uhr<br \/>\n(w\u00e4hrend der Hamburger Schulferien sind wir nur via E-Mail erreichbar)<\/p>\n<\/div><\/div><\/div><div class=\"fusion-layout-column fusion_builder_column fusion-builder-column-2 fusion_builder_column_1_2 1_2 fusion-flex-column\" style=\"--awb-bg-size:cover;--awb-width-large:50%;--awb-margin-top-large:0px;--awb-spacing-right-large:3.84%;--awb-margin-bottom-large:20px;--awb-spacing-left-large:3.84%;--awb-width-medium:100%;--awb-order-medium:0;--awb-spacing-right-medium:1.92%;--awb-spacing-left-medium:1.92%;--awb-width-small:100%;--awb-order-small:0;--awb-spacing-right-small:1.92%;--awb-spacing-left-small:1.92%;\"><div class=\"fusion-column-wrapper fusion-column-has-shadow fusion-flex-justify-content-flex-start fusion-content-layout-column\"><div id=\"quform-349c92\" class=\"quform quform-2 quform-support-page-caching\"><form id=\"quform-form-349c92\" class=\"quform-form quform-form-2\" action=\"\/startseite\/wp-json\/wp\/v2\/pages\/850#quform-349c92\" method=\"post\" enctype=\"multipart\/form-data\" novalidate=\"novalidate\" data-options=\"{&quot;id&quot;:2,&quot;uniqueId&quot;:&quot;349c92&quot;,&quot;theme&quot;:&quot;&quot;,&quot;ajax&quot;:true,&quot;logic&quot;:{&quot;logic&quot;:[],&quot;dependents&quot;:[],&quot;elementIds&quot;:[],&quot;dependentElementIds&quot;:[],&quot;animate&quot;:true},&quot;currentPageId&quot;:1,&quot;errorsIcon&quot;:&quot;&quot;,&quot;updateFancybox&quot;:true,&quot;hasPages&quot;:false,&quot;pages&quot;:[1],&quot;pageProgressType&quot;:&quot;numbers&quot;,&quot;tooltipsEnabled&quot;:true,&quot;tooltipClasses&quot;:&quot;qtip-quform-dark qtip-shadow&quot;,&quot;tooltipMy&quot;:&quot;left center&quot;,&quot;tooltipAt&quot;:&quot;right center&quot;,&quot;isRtl&quot;:false,&quot;scrollOffset&quot;:-50,&quot;scrollSpeed&quot;:800}\"><button class=\"quform-default-submit\" name=\"quform_submit\" type=\"submit\" value=\"submit\" aria-hidden=\"true\" tabindex=\"-1\"><\/button><div class=\"quform-form-inner quform-form-inner-2\"><input type=\"hidden\" name=\"quform_form_id\" value=\"2\" \/><input type=\"hidden\" name=\"quform_form_uid\" value=\"349c92\" \/><input type=\"hidden\" name=\"quform_count\" value=\"1\" \/><input type=\"hidden\" name=\"form_url\" value=\"https:\/\/on-stage-kids.de\/startseite\/wp-json\/wp\/v2\/pages\/850\" \/><input type=\"hidden\" name=\"referring_url\" value=\"\" \/><input type=\"hidden\" name=\"post_id\" value=\"\" \/><input type=\"hidden\" name=\"post_title\" value=\"\" \/><input type=\"hidden\" name=\"quform_current_page_id\" value=\"1\" \/><input type=\"hidden\" name=\"quform_loaded\" value=\"1777633344|822c4c8f1caf492b565643ae2b802608\" \/><input type=\"hidden\" name=\"quform_csrf_token\" value=\"DIyY55ydznqiVY6is9URtaJmJfBLraXkSryQ2wYZ\" \/><div class=\"quform-elements quform-elements-2 quform-cf quform-responsive-elements-phone-landscape\"><div class=\"quform-element quform-element-page quform-page-1 quform-page-2_1 quform-cf quform-group-style-plain quform-first-page quform-last-page quform-current-page\"><div class=\"quform-child-elements\"><div class=\"quform-element quform-element-textarea quform-element-2_851706 quform-sr-only quform-cf\" style=\"clip: rect(1px, 1px, 1px, 1px); clip-path: inset(50%); position: absolute !important; height: 1px; width: 1px; overflow: hidden;\"><div class=\"quform-spacer\"><div class=\"quform-label quform-label-2_851706\"><label class=\"quform-label-text\" for=\"quform_2_851706_349c92\">Website URL<span class=\"quform-required\">*<\/span><\/label><\/div><div class=\"quform-inner quform-inner-2_851706\"><textarea id=\"quform_2_851706_349c92\" name=\"quform_2_851706\" class=\"quform-field quform-field-textarea quform-field-2_851706\" tabindex=\"-1\" autocomplete=\"new-password\"><\/textarea><\/div><\/div><\/div><div class=\"quform-element quform-element-text quform-element-2_4 quform-cf quform-element-required\"><div class=\"quform-spacer\"><div class=\"quform-inner quform-inner-text quform-inner-2_4\"><div class=\"quform-input quform-input-text quform-input-2_4 quform-cf\"><input type=\"text\" id=\"quform_2_4_349c92\" name=\"quform_2_4\" class=\"quform-field quform-field-text quform-field-2_4\" placeholder=\"Vorname und Name\" \/><\/div><\/div><\/div><\/div><div class=\"quform-element quform-element-text quform-element-2_6 quform-cf quform-element-required\"><div class=\"quform-spacer\"><div class=\"quform-inner quform-inner-text quform-inner-2_6\"><div class=\"quform-input quform-input-text quform-input-2_6 quform-cf\"><input type=\"text\" id=\"quform_2_6_349c92\" name=\"quform_2_6\" class=\"quform-field quform-field-text quform-field-2_6\" placeholder=\"E-Mail\" \/><\/div><\/div><\/div><\/div><div class=\"quform-element quform-element-textarea quform-element-2_3 quform-cf quform-element-required\"><div class=\"quform-spacer\"><div class=\"quform-inner quform-inner-textarea quform-inner-2_3\"><div class=\"quform-input quform-input-textarea quform-input-2_3 quform-cf\"><textarea id=\"quform_2_3_349c92\" name=\"quform_2_3\" class=\"quform-field quform-field-textarea quform-field-2_3\" placeholder=\"Ihre Mitteilung\"><\/textarea><\/div><\/div><\/div><\/div><div class=\"quform-element quform-element-submit quform-element-2_2 quform-cf quform-button-style-theme\"><div class=\"quform-button-submit quform-button-submit-default quform-button-submit-2_2\"><button name=\"quform_submit\" type=\"submit\" class=\"quform-submit\" value=\"submit\"><span class=\"quform-button-text quform-button-submit-text\">Absenden<\/span><\/button><\/div><div class=\"quform-loading quform-loading-position-left quform-loading-type-spinner-1\"><div class=\"quform-loading-inner\"><div class=\"quform-loading-spinner\"><div class=\"quform-loading-spinner-inner\"><\/div><\/div><\/div><\/div><\/div><\/div><\/div><\/div><\/div><\/form><\/div><\/div><\/div><\/div><\/div><div class=\"fusion-fullwidth fullwidth-box fusion-builder-row-2 fusion-flex-container has-pattern-background has-mask-background nonhundred-percent-fullwidth non-hundred-percent-height-scrolling\" style=\"--awb-border-radius-top-left:0px;--awb-border-radius-top-right:0px;--awb-border-radius-bottom-right:0px;--awb-border-radius-bottom-left:0px;--awb-flex-wrap:wrap;\" ><div class=\"fusion-builder-row fusion-row fusion-flex-align-items-flex-start fusion-flex-content-wrap\" style=\"max-width:1248px;margin-left: calc(-4% \/ 2 );margin-right: calc(-4% \/ 2 );\"><div class=\"fusion-layout-column fusion_builder_column fusion-builder-column-3 fusion_builder_column_1_1 1_1 fusion-flex-column\" style=\"--awb-bg-size:cover;--awb-width-large:100%;--awb-margin-top-large:0px;--awb-spacing-right-large:1.92%;--awb-margin-bottom-large:20px;--awb-spacing-left-large:1.92%;--awb-width-medium:100%;--awb-order-medium:0;--awb-spacing-right-medium:1.92%;--awb-spacing-left-medium:1.92%;--awb-width-small:100%;--awb-order-small:0;--awb-spacing-right-small:1.92%;--awb-spacing-left-small:1.92%;\"><div class=\"fusion-column-wrapper fusion-column-has-shadow fusion-flex-justify-content-flex-start fusion-content-layout-column\"><div class=\"fusion-text fusion-text-7\" style=\"--awb-text-transform:none;\"><h1>Unsere Studios<\/h1>\n<p>Sie finden unsere Studios in den Hamburger Stadtteilen Altona, Wandsbek und Winterhude. Alle unsere Kurse finden in den ON STAGE Training Centern statt.<\/p>\n<\/div><\/div><\/div><\/div><\/div><div class=\"fusion-fullwidth fullwidth-box fusion-builder-row-3 fusion-flex-container has-pattern-background has-mask-background nonhundred-percent-fullwidth non-hundred-percent-height-scrolling\" style=\"--awb-border-radius-top-left:0px;--awb-border-radius-top-right:0px;--awb-border-radius-bottom-right:0px;--awb-border-radius-bottom-left:0px;--awb-padding-right:0px;--awb-padding-left:0px;--awb-flex-wrap:wrap;\" ><div class=\"fusion-builder-row fusion-row fusion-flex-align-items-flex-end fusion-flex-content-wrap\" style=\"max-width:1248px;margin-left: calc(-4% \/ 2 );margin-right: calc(-4% \/ 2 );\"><div class=\"fusion-layout-column fusion_builder_column fusion-builder-column-4 fusion_builder_column_1_3 1_3 fusion-flex-column\" style=\"--awb-bg-size:cover;--awb-width-large:33.333333333333%;--awb-margin-top-large:0px;--awb-spacing-right-large:5.76%;--awb-margin-bottom-large:20px;--awb-spacing-left-large:5.76%;--awb-width-medium:50%;--awb-order-medium:0;--awb-spacing-right-medium:3.84%;--awb-spacing-left-medium:3.84%;--awb-width-small:100%;--awb-order-small:0;--awb-spacing-right-small:1.92%;--awb-spacing-left-small:1.92%;\"><div class=\"fusion-column-wrapper fusion-column-has-shadow fusion-flex-justify-content-flex-start fusion-content-layout-column\"><div class=\"fusion-text fusion-text-8\" style=\"--awb-text-transform:none;\"><h4>ON STAGE KIDS<\/h4>\n<h4>Altona<\/h4>\n<p>Am Felde 56<br \/>\n22765 Hamburg<\/p>\n<\/div> <div class=\"brlbs-cmpnt-container brlbs-cmpnt-content-blocker brlbs-cmpnt-with-individual-styles\" data-borlabs-cookie-content-blocker-id=\"default\" data-borlabs-cookie-content=\"PGlmcmFtZSBzcmM9Imh0dHBzOi8vd3d3Lmdvb2dsZS5jb20vbWFwcy9lbWJlZD9wYj0hMW0xOCExbTEyITFtMyExZDIzNzAuNDAxMjI1OTc4ODcyITJkOS45MzA2NjAwNzcxNzM5MDIhM2Q1My41NTA2MDQ3NzIzNDkyMyEybTMhMWYwITJmMCEzZjAhM20yITFpMTAyNCEyaTc2OCE0ZjEzLjEhM20zITFtMiExczB4NDdiMTg1OTJlOGU2YzkyOSUzQTB4NzdlMjA1OWNmOTA0ODI1MSEyc09OJTIwU1RBR0UlMjBUcmFpbmluZyUyMENlbnRlciUyMC0lMjBBbHRvbmEhNWUwITNtMiExc2RlITJzZGUhNHYxNjgyMDc4OTI2OTUxITVtMiExc2RlITJzZGUiIHdpZHRoPSIiIGhlaWdodD0iMzAwIiBzdHlsZT0iYm9yZGVyOjA7IiBhbGxvd2Z1bGxzY3JlZW49IiIgbG9hZGluZz0ibGF6eSI+PC9pZnJhbWU+\"><div class=\"brlbs-cmpnt-cb-preset-a\"> <p class=\"brlbs-cmpnt-cb-description\">Sie sehen gerade einen Platzhalterinhalt von <strong>Standard<\/strong>. Um auf den eigentlichen Inhalt zuzugreifen, klicken Sie auf den Button unten. Bitte beachten Sie, dass dabei Daten an Drittanbieter weitergegeben werden.<\/p> <div class=\"brlbs-cmpnt-cb-buttons\"> <a class=\"brlbs-cmpnt-cb-btn\" href=\"#\" data-borlabs-cookie-unblock role=\"button\">Inhalt entsperren<\/a> <a class=\"brlbs-cmpnt-cb-btn\" href=\"#\" data-borlabs-cookie-accept-service role=\"button\" style=\"display: none\">Erforderlichen Service akzeptieren und Inhalte entsperren<\/a> <\/div> <a class=\"brlbs-cmpnt-cb-provider-toggle\" href=\"#\" data-borlabs-cookie-show-provider-information role=\"button\">Weitere Informationen<\/a> <\/div><\/div><\/div><\/div><div class=\"fusion-layout-column fusion_builder_column fusion-builder-column-5 fusion_builder_column_1_3 1_3 fusion-flex-column\" style=\"--awb-bg-size:cover;--awb-width-large:33.333333333333%;--awb-margin-top-large:0px;--awb-spacing-right-large:5.76%;--awb-margin-bottom-large:20px;--awb-spacing-left-large:5.76%;--awb-width-medium:50%;--awb-order-medium:0;--awb-spacing-right-medium:3.84%;--awb-spacing-left-medium:3.84%;--awb-width-small:100%;--awb-order-small:0;--awb-spacing-right-small:1.92%;--awb-spacing-left-small:1.92%;\"><div class=\"fusion-column-wrapper fusion-column-has-shadow fusion-flex-justify-content-flex-start fusion-content-layout-column\"><div class=\"fusion-text fusion-text-9\" style=\"--awb-text-transform:none;\"><h4>ON STAGE KIDS<\/h4>\n<h4>Wandsbek<\/h4>\n<p>Conventstr. 8-10<br \/>\n22089 Hamburg<br \/>\n(\u00fcber Edeka)<\/p>\n<\/div> <div class=\"brlbs-cmpnt-container brlbs-cmpnt-content-blocker brlbs-cmpnt-with-individual-styles\" data-borlabs-cookie-content-blocker-id=\"default\" data-borlabs-cookie-content=\"PGlmcmFtZSBzcmM9Imh0dHBzOi8vd3d3Lmdvb2dsZS5jb20vbWFwcy9lbWJlZD9wYj0hMW0xOCExbTEyITFtMyExZDIzNjkuNjQyMTM3MDA0OTQ3NSEyZDEwLjAzNDE0OTQxNjExMDQ1NiEzZDUzLjU2NDE1NTQ4MDAyNTI2ITJtMyExZjAhMmYwITNmMCEzbTIhMWkxMDI0ITJpNzY4ITRmMTMuMSEzbTMhMW0yITFzMHg0N2IxOGViODZjYmNjOGRmJTNBMHhkZmQ3NWJkMzI1MjVhMzFkITJzQ29udmVudHN0cmElQzMlOUZlJTIwOCUyMC0xMCUyQyUyMDIyMDg5JTIwSGFtYnVyZyE1ZTAhM20yITFzZGUhMnNkZSE0djE2Mzg0NjMyMzMxMzMhNW0yITFzZGUhMnNkZSIgd2lkdGg9IiIgaGVpZ2h0PSIzMDAiIHN0eWxlPSJib3JkZXI6MDsiIGFsbG93ZnVsbHNjcmVlbj0iIiBsb2FkaW5nPSJsYXp5Ij48L2lmcmFtZT4=\"><div class=\"brlbs-cmpnt-cb-preset-a\"> <p class=\"brlbs-cmpnt-cb-description\">Sie sehen gerade einen Platzhalterinhalt von <strong>Standard<\/strong>. Um auf den eigentlichen Inhalt zuzugreifen, klicken Sie auf den Button unten. Bitte beachten Sie, dass dabei Daten an Drittanbieter weitergegeben werden.<\/p> <div class=\"brlbs-cmpnt-cb-buttons\"> <a class=\"brlbs-cmpnt-cb-btn\" href=\"#\" data-borlabs-cookie-unblock role=\"button\">Inhalt entsperren<\/a> <a class=\"brlbs-cmpnt-cb-btn\" href=\"#\" data-borlabs-cookie-accept-service role=\"button\" style=\"display: none\">Erforderlichen Service akzeptieren und Inhalte entsperren<\/a> <\/div> <a class=\"brlbs-cmpnt-cb-provider-toggle\" href=\"#\" data-borlabs-cookie-show-provider-information role=\"button\">Weitere Informationen<\/a> <\/div><\/div><\/div><\/div><div class=\"fusion-layout-column fusion_builder_column fusion-builder-column-6 fusion_builder_column_1_3 1_3 fusion-flex-column\" style=\"--awb-bg-size:cover;--awb-width-large:33.333333333333%;--awb-margin-top-large:0px;--awb-spacing-right-large:5.76%;--awb-margin-bottom-large:20px;--awb-spacing-left-large:5.76%;--awb-width-medium:50%;--awb-order-medium:0;--awb-spacing-right-medium:3.84%;--awb-spacing-left-medium:3.84%;--awb-width-small:100%;--awb-order-small:0;--awb-spacing-right-small:1.92%;--awb-spacing-left-small:1.92%;\"><div class=\"fusion-column-wrapper fusion-column-has-shadow fusion-flex-justify-content-flex-start fusion-content-layout-column\"><div class=\"fusion-text fusion-text-10\" style=\"--awb-text-transform:none;\"><h4>ON STAGE KIDS<\/h4>\n<h4>Winterhude<\/h4>\n<p>Krohnskamp 33<br \/>\n22301 Hamburg<br \/>\n(neben dem Rewe-Center)<\/p>\n<\/div> <div class=\"brlbs-cmpnt-container brlbs-cmpnt-content-blocker brlbs-cmpnt-with-individual-styles\" data-borlabs-cookie-content-blocker-id=\"default\" data-borlabs-cookie-content=\"PGlmcmFtZSBzcmM9Imh0dHBzOi8vd3d3Lmdvb2dsZS5jb20vbWFwcy9lbWJlZD9wYj0hMW0xOCExbTEyITFtMyExZDIzNjguMjg1MzgzMDQ0MDE0ITJkMTAuMDA1MTcwMDE2MTExMjE1ITNkNTMuNTg4MzY5MzgwMDMwNDYhMm0zITFmMCEyZjAhM2YwITNtMiExaTEwMjQhMmk3NjghNGYxMy4xITNtMyExbTIhMXMweDQ3YjE4OGQ3M2RiNzMyOGIlM0EweDQ2ZGFmNWJjOTFlMGRlMmUhMnNLcm9obnNrYW1wJTIwMzMlMkMlMjAyMjMwMSUyMEhhbWJ1cmchNWUwITNtMiExc2RlITJzZGUhNHYxNjM4NDYyNzE1NTI1ITVtMiExc2RlITJzZGUiIHdpZHRoPSIiIGhlaWdodD0iMzAwIiBzdHlsZT0iYm9yZGVyOjA7IiBhbGxvd2Z1bGxzY3JlZW49IiIgbG9hZGluZz0ibGF6eSI+PC9pZnJhbWU+\"><div class=\"brlbs-cmpnt-cb-preset-a\"> <p class=\"brlbs-cmpnt-cb-description\">Sie sehen gerade einen Platzhalterinhalt von <strong>Standard<\/strong>. Um auf den eigentlichen Inhalt zuzugreifen, klicken Sie auf den Button unten. Bitte beachten Sie, dass dabei Daten an Drittanbieter weitergegeben werden.<\/p> <div class=\"brlbs-cmpnt-cb-buttons\"> <a class=\"brlbs-cmpnt-cb-btn\" href=\"#\" data-borlabs-cookie-unblock role=\"button\">Inhalt entsperren<\/a> <a class=\"brlbs-cmpnt-cb-btn\" href=\"#\" data-borlabs-cookie-accept-service role=\"button\" style=\"display: none\">Erforderlichen Service akzeptieren und Inhalte entsperren<\/a> <\/div> <a class=\"brlbs-cmpnt-cb-provider-toggle\" href=\"#\" data-borlabs-cookie-show-provider-information role=\"button\">Weitere Informationen<\/a> <\/div><\/div><\/div><\/div><\/div><\/div><\/p>\n","protected":false},"excerpt":{"rendered":"","protected":false},"author":1,"featured_media":0,"parent":0,"menu_order":0,"comment_status":"closed","ping_status":"closed","template":"","meta":{"footnotes":""},"folder":[],"class_list":["post-850","page","type-page","status-publish","hentry"],"_links":{"self":[{"href":"https:\/\/on-stage-kids.de\/startseite\/wp-json\/wp\/v2\/pages\/850","targetHints":{"allow":["GET"]}}],"collection":[{"href":"https:\/\/on-stage-kids.de\/startseite\/wp-json\/wp\/v2\/pages"}],"about":[{"href":"https:\/\/on-stage-kids.de\/startseite\/wp-json\/wp\/v2\/types\/page"}],"author":[{"embeddable":true,"href":"https:\/\/on-stage-kids.de\/startseite\/wp-json\/wp\/v2\/users\/1"}],"replies":[{"embeddable":true,"href":"https:\/\/on-stage-kids.de\/startseite\/wp-json\/wp\/v2\/comments?post=850"}],"version-history":[{"count":35,"href":"https:\/\/on-stage-kids.de\/startseite\/wp-json\/wp\/v2\/pages\/850\/revisions"}],"predecessor-version":[{"id":885,"href":"https:\/\/on-stage-kids.de\/startseite\/wp-json\/wp\/v2\/pages\/850\/revisions\/885"}],"wp:attachment":[{"href":"https:\/\/on-stage-kids.de\/startseite\/wp-json\/wp\/v2\/media?parent=850"}],"wp:term":[{"taxonomy":"folder","embeddable":true,"href":"https:\/\/on-stage-kids.de\/startseite\/wp-json\/wp\/v2\/folder?post=850"}],"curies":[{"name":"wp","href":"https:\/\/api.w.org\/{rel}","templated":true}]}}