{"id":2018,"date":"2024-08-20T10:52:57","date_gmt":"2024-08-20T10:52:57","guid":{"rendered":"https:\/\/on-stage-kids.de\/startseite\/?page_id=2018"},"modified":"2026-04-15T08:23:37","modified_gmt":"2026-04-15T08:23:37","slug":"kursplan-und-probetraining","status":"publish","type":"page","link":"https:\/\/on-stage-kids.de\/startseite\/kursplan-und-probetraining\/","title":{"rendered":"Kurskalender &#038; Probetraining"},"content":{"rendered":"<p><div class=\"fusion-fullwidth fullwidth-box fusion-builder-row-1 fusion-flex-container has-pattern-background has-mask-background nonhundred-percent-fullwidth non-hundred-percent-height-scrolling\" style=\"--awb-border-radius-top-left:0px;--awb-border-radius-top-right:0px;--awb-border-radius-bottom-right:0px;--awb-border-radius-bottom-left:0px;--awb-margin-top:2em;--awb-flex-wrap:wrap;\" ><div class=\"fusion-builder-row fusion-row fusion-flex-align-items-flex-start fusion-flex-content-wrap\" style=\"max-width:1248px;margin-left: calc(-4% \/ 2 );margin-right: calc(-4% \/ 2 );\"><div class=\"fusion-layout-column fusion_builder_column fusion-builder-column-0 fusion_builder_column_1_1 1_1 fusion-flex-column\" style=\"--awb-bg-size:cover;--awb-width-large:100%;--awb-margin-top-large:0px;--awb-spacing-right-large:1.92%;--awb-margin-bottom-large:20px;--awb-spacing-left-large:1.92%;--awb-width-medium:100%;--awb-order-medium:0;--awb-spacing-right-medium:1.92%;--awb-spacing-left-medium:1.92%;--awb-width-small:100%;--awb-order-small:0;--awb-spacing-right-small:1.92%;--awb-spacing-left-small:1.92%;\"><div class=\"fusion-column-wrapper fusion-column-has-shadow fusion-flex-justify-content-flex-start fusion-content-layout-column\"><div class=\"fusion-text fusion-text-1\"><h1 class=\"fusion-responsive-typography-calculated\" style=\"--fontsize: 60; line-height: 1.4;\" data-fontsize=\"60\" data-lineheight=\"84px\">KURSKALENDER &amp; PROBETRAINING<\/h1>\n<\/div><\/div><\/div><\/div><\/div><div class=\"fusion-fullwidth fullwidth-box fusion-builder-row-2 fusion-flex-container has-pattern-background has-mask-background nonhundred-percent-fullwidth non-hundred-percent-height-scrolling\" style=\"--link_hover_color: var(--awb-custom15);--link_color: var(--awb-color6);--awb-border-radius-top-left:0px;--awb-border-radius-top-right:0px;--awb-border-radius-bottom-right:0px;--awb-border-radius-bottom-left:0px;--awb-flex-wrap:wrap;\" ><div class=\"fusion-builder-row fusion-row fusion-flex-align-items-flex-start fusion-flex-content-wrap\" style=\"max-width:1248px;margin-left: calc(-4% \/ 2 );margin-right: calc(-4% \/ 2 );\"><div class=\"fusion-layout-column fusion_builder_column fusion-builder-column-1 fusion_builder_column_1_1 1_1 fusion-flex-column\" style=\"--awb-bg-size:cover;--awb-width-large:100%;--awb-margin-top-large:0px;--awb-spacing-right-large:1.92%;--awb-margin-bottom-large:20px;--awb-spacing-left-large:1.92%;--awb-width-medium:100%;--awb-order-medium:0;--awb-spacing-right-medium:1.92%;--awb-spacing-left-medium:1.92%;--awb-width-small:100%;--awb-order-small:0;--awb-spacing-right-small:1.92%;--awb-spacing-left-small:1.92%;\"><div class=\"fusion-column-wrapper fusion-column-has-shadow fusion-flex-justify-content-flex-start fusion-content-layout-column\"><div class=\"fusion-text fusion-text-2\"><ol>\n<li>\u00d6ffne den Kalender und w\u00e4hle das Studio aus, in dem du eine Probestunde buchen m\u00f6chtest!<\/li>\n<li>Alle Kids-Kurse sind mit &#8222;KIDS&#8220; vor dem Kurstitel markiert<\/li>\n<li>Klicke auf den Kurs und melde dich via MySports f\u00fcr deine Probestunde an.<\/li>\n<li>Du erh\u00e4ltst eine Best\u00e4tigungsmail mit den genauen Daten.<\/li>\n<\/ol>\n<h4><strong>HINWEIS BZGL. KIDS GALA:<\/strong><\/h4>\n<h5>Aktuell finden in einigen Kursen Proben statt, daher ist die Buchung einer Probestunde dort bis nach der Gala m 25.04.26 nicht m\u00f6glich. Wir freuen uns, euch ab dem 26.04.26 wieder bei uns zu begr\u00fc\u00dfen!<\/h5>\n<p>Beim Laden des Kursplans werden externe Daten unseres Partners <a href=\"https:\/\/public.sportalliance.com\/mysports\/de\/mmp\/gtc\/mysports-de-mmp-gtc-20240223.pdf\" target=\"_blank\" rel=\"noopener\">noexcuse.io<\/a> geladen.<\/p>\n<\/div><\/div><\/div><\/div><\/div><div class=\"fusion-fullwidth fullwidth-box fusion-builder-row-3 fusion-flex-container has-pattern-background has-mask-background nonhundred-percent-fullwidth non-hundred-percent-height-scrolling\" style=\"--awb-border-radius-top-left:0px;--awb-border-radius-top-right:0px;--awb-border-radius-bottom-right:0px;--awb-border-radius-bottom-left:0px;--awb-margin-bottom:20em;--awb-flex-wrap:wrap;\" ><div class=\"fusion-builder-row fusion-row fusion-flex-align-items-flex-start fusion-flex-content-wrap\" style=\"max-width:1248px;margin-left: calc(-4% \/ 2 );margin-right: calc(-4% \/ 2 );\"><div class=\"fusion-layout-column fusion_builder_column fusion-builder-column-2 fusion_builder_column_1_1 1_1 fusion-flex-column\" style=\"--awb-bg-size:cover;--awb-width-large:100%;--awb-margin-top-large:0px;--awb-spacing-right-large:1.92%;--awb-margin-bottom-large:20px;--awb-spacing-left-large:1.92%;--awb-width-medium:100%;--awb-order-medium:0;--awb-spacing-right-medium:1.92%;--awb-spacing-left-medium:1.92%;--awb-width-small:100%;--awb-order-small:0;--awb-spacing-right-small:1.92%;--awb-spacing-left-small:1.92%;\"><div class=\"fusion-column-wrapper fusion-column-has-shadow fusion-flex-justify-content-flex-start fusion-content-layout-column\"><script>\n  function kursplanLaden()\n  {\n    var script = document.createElement('script');\n    script.src = 'https:\/\/courseplan.noexcuse.io\/nox.min.js?b24tc3RhZ2UtY2x1YnM6MTIxMDA3OTg0MA%3D%3D';\n    document.body.appendChild(script);\n    \n    \/\/$(\"#OpenKursplanButton\").fadeOut();\n  }\n<\/script>\n<div id=\"ms-nox-widget-courseplan\"><\/div>\n<div id=\"OpenKursplanButton\" style=\"text-align: center; border:1px solid #fff; padding-top:30px; border-radius: 40px; font-size:120%; background-color:rgba(255,255,255,0.13); cursor:pointer;\">\n<div class=\"btn_kurse\" onClick=\"kursplanLaden();\">\n  Kursplan laden\n<\/div>\n  <br>\n<\/div><\/div><\/div><\/div><\/div><div class=\"fusion-fullwidth fullwidth-box fusion-builder-row-4 fusion-flex-container has-pattern-background has-mask-background nonhundred-percent-fullwidth non-hundred-percent-height-scrolling\" style=\"--link_hover_color: var(--awb-custom15);--link_color: var(--awb-color6);--awb-border-radius-top-left:0px;--awb-border-radius-top-right:0px;--awb-border-radius-bottom-right:0px;--awb-border-radius-bottom-left:0px;--awb-flex-wrap:wrap;\" ><div class=\"fusion-builder-row fusion-row fusion-flex-align-items-flex-start fusion-flex-content-wrap\" style=\"max-width:1248px;margin-left: calc(-4% \/ 2 );margin-right: calc(-4% \/ 2 );\"><div class=\"fusion-layout-column fusion_builder_column fusion-builder-column-3 fusion_builder_column_1_1 1_1 fusion-flex-column\" style=\"--awb-bg-size:cover;--awb-width-large:100%;--awb-margin-top-large:0px;--awb-spacing-right-large:1.92%;--awb-margin-bottom-large:20px;--awb-spacing-left-large:1.92%;--awb-width-medium:100%;--awb-order-medium:0;--awb-spacing-right-medium:1.92%;--awb-spacing-left-medium:1.92%;--awb-width-small:100%;--awb-order-small:0;--awb-spacing-right-small:1.92%;--awb-spacing-left-small:1.92%;\"><div class=\"fusion-column-wrapper fusion-column-has-shadow fusion-flex-justify-content-flex-start fusion-content-layout-column\"><div class=\"fusion-text fusion-text-3\"><h4>KURSE MIT WARTELISTE<\/h4>\n<p>F\u00fcr folgende Kurse k\u00f6nnen wir aktuell keine neuen KIDS annehmen, da die Kurse voll sind:<\/p>\n<p><strong><u>Studio Altona:<\/u><\/strong><\/p>\n<ul>\n<li>Donnerstag: 16:00 Uhr &#8211; Hip Hop 6-8 J.<\/li>\n<li>Donnerstag: 17:15 Uhr &#8211; Hip Hop 8-11 J.<\/li>\n<\/ul>\n<p><strong><u>Studio Wandsbek:<\/u><\/strong><\/p>\n<ul>\n<li>Montag: 17:00 Uhr &#8211; Show Dance\/ Akrobatik 6-10 J.<\/li>\n<li>Dienstag: 17:00 Uhr &#8211; Show Dance\/akrobatik 8-11 J.<\/li>\n<li>Donnerstag: 16:30 Uhr &#8211; Hip Hop 6-10 J.<\/li>\n<\/ul>\n<h5><strong>Das Buchen einer Probestunde ist daher in diesen Kursen nicht m\u00f6glich! <\/strong><\/h5>\n<p><em>Bei Interesse an einem Platz auf der Warteliste, kontaktieren Sie uns gerne via Kontaktformular.<\/em><\/p>\n<\/div><\/div><\/div><\/div><\/div><\/p>\n","protected":false},"excerpt":{"rendered":"","protected":false},"author":1,"featured_media":0,"parent":0,"menu_order":0,"comment_status":"closed","ping_status":"closed","template":"","meta":{"footnotes":""},"folder":[],"class_list":["post-2018","page","type-page","status-publish","hentry"],"_links":{"self":[{"href":"https:\/\/on-stage-kids.de\/startseite\/wp-json\/wp\/v2\/pages\/2018","targetHints":{"allow":["GET"]}}],"collection":[{"href":"https:\/\/on-stage-kids.de\/startseite\/wp-json\/wp\/v2\/pages"}],"about":[{"href":"https:\/\/on-stage-kids.de\/startseite\/wp-json\/wp\/v2\/types\/page"}],"author":[{"embeddable":true,"href":"https:\/\/on-stage-kids.de\/startseite\/wp-json\/wp\/v2\/users\/1"}],"replies":[{"embeddable":true,"href":"https:\/\/on-stage-kids.de\/startseite\/wp-json\/wp\/v2\/comments?post=2018"}],"version-history":[{"count":57,"href":"https:\/\/on-stage-kids.de\/startseite\/wp-json\/wp\/v2\/pages\/2018\/revisions"}],"predecessor-version":[{"id":2446,"href":"https:\/\/on-stage-kids.de\/startseite\/wp-json\/wp\/v2\/pages\/2018\/revisions\/2446"}],"wp:attachment":[{"href":"https:\/\/on-stage-kids.de\/startseite\/wp-json\/wp\/v2\/media?parent=2018"}],"wp:term":[{"taxonomy":"folder","embeddable":true,"href":"https:\/\/on-stage-kids.de\/startseite\/wp-json\/wp\/v2\/folder?post=2018"}],"curies":[{"name":"wp","href":"https:\/\/api.w.org\/{rel}","templated":true}]}}