{"id":1498,"date":"2022-09-15T09:12:35","date_gmt":"2022-09-15T09:12:35","guid":{"rendered":"https:\/\/on-stage-kids.de\/startseite\/?page_id=1498"},"modified":"2026-02-17T12:55:55","modified_gmt":"2026-02-17T12:55:55","slug":"kursinhalte","status":"publish","type":"page","link":"https:\/\/on-stage-kids.de\/startseite\/kursinhalte\/","title":{"rendered":"Kursinhalte"},"content":{"rendered":"<p><div class=\"fusion-fullwidth fullwidth-box fusion-builder-row-1 fusion-flex-container has-pattern-background has-mask-background nonhundred-percent-fullwidth non-hundred-percent-height-scrolling zentriert\" style=\"--awb-border-radius-top-left:0px;--awb-border-radius-top-right:0px;--awb-border-radius-bottom-right:0px;--awb-border-radius-bottom-left:0px;--awb-padding-right:15%;--awb-padding-left:15%;--awb-padding-right-medium:0px;--awb-padding-left-medium:0px;--awb-flex-wrap:wrap;\" ><div class=\"fusion-builder-row fusion-row fusion-flex-align-items-flex-start fusion-flex-content-wrap\" style=\"max-width:1248px;margin-left: calc(-4% \/ 2 );margin-right: calc(-4% \/ 2 );\"><div class=\"fusion-layout-column fusion_builder_column fusion-builder-column-0 fusion_builder_column_1_1 1_1 fusion-flex-column\" style=\"--awb-bg-size:cover;--awb-width-large:100%;--awb-margin-top-large:0px;--awb-spacing-right-large:1.92%;--awb-margin-bottom-large:20px;--awb-spacing-left-large:1.92%;--awb-width-medium:100%;--awb-order-medium:0;--awb-spacing-right-medium:1.92%;--awb-spacing-left-medium:1.92%;--awb-width-small:100%;--awb-order-small:0;--awb-spacing-right-small:1.92%;--awb-spacing-left-small:1.92%;\"><div class=\"fusion-column-wrapper fusion-column-has-shadow fusion-flex-justify-content-flex-start fusion-content-layout-column\"><div class=\"fusion-text fusion-text-1 fusion-text-no-margin\" style=\"--awb-text-transform:none;--awb-margin-bottom:1em;\"><h1 style=\"text-align: center;\">Kursinhalte<\/h1>\n<h4 style=\"text-align: center;\">Das erwartet dich in den On Stage Kids Kursen:<\/h4>\n<\/div><\/div><\/div><\/div><\/div><div class=\"fusion-fullwidth fullwidth-box fusion-builder-row-2 fusion-flex-container nonhundred-percent-fullwidth non-hundred-percent-height-scrolling kurse\" style=\"--awb-border-radius-top-left:0px;--awb-border-radius-top-right:0px;--awb-border-radius-bottom-right:0px;--awb-border-radius-bottom-left:0px;--awb-flex-wrap:wrap;\" ><div class=\"fusion-builder-row fusion-row fusion-flex-align-items-flex-start fusion-flex-content-wrap\" style=\"max-width:1248px;margin-left: calc(-4% \/ 2 );margin-right: calc(-4% \/ 2 );\"><div class=\"fusion-layout-column fusion_builder_column fusion-builder-column-1 fusion_builder_column_1_3 1_3 fusion-flex-column\" style=\"--awb-bg-size:cover;--awb-width-large:33.333333333333%;--awb-margin-top-large:0px;--awb-spacing-right-large:5.76%;--awb-margin-bottom-large:20px;--awb-spacing-left-large:5.76%;--awb-width-medium:50%;--awb-order-medium:0;--awb-spacing-right-medium:3.84%;--awb-spacing-left-medium:3.84%;--awb-width-small:100%;--awb-order-small:0;--awb-spacing-right-small:1.92%;--awb-spacing-left-small:1.92%;\"><div class=\"fusion-column-wrapper fusion-column-has-shadow fusion-flex-justify-content-flex-start fusion-content-layout-column\"><div class=\"fusion-text fusion-text-2\" style=\"--awb-text-transform:none;\"><h4>Ballett<\/h4>\n<p>Klassische Ballett-Techniken werden hier altersgerecht und traditionell vermittelt. Ein anhaltendes Training f\u00fchrt neben einer guten Haltung zus\u00e4tzlich zu einem guten K\u00f6rpergef\u00fchl.<\/p>\n<h4>Breakdance<\/h4>\n<p>Dieser Tanzstil geh\u00f6rt zur Hip Hop Bewegung und kommt von der Stra\u00dfe. Man lernt akrobatische Moves am Boden, die Power Moves, als auch typische Steps, genannt Top &#8211; &amp; Downrocks.<\/p>\n<h4>Hip Hop<\/h4>\n<p>Dieser Stil geh\u00f6rt zu einer ganzen Bewegung &amp; setzt sich aus mehreren Styles zusammen, die ihren Ursprung in den 1960ern\/1970ern in den USA hatten. Entdecke eine vielf\u00e4ltige Kultur! Bei uns gibt es verschiedene Stile wie New School oder Commercial, wo u. a. zu aktueller Pop\/Hip Hop Musik getanzt wird.<\/p>\n<h4>Jazz Dance<\/h4>\n<p>In diesem Tanzstil lernst du die Grundlagen in Balance, Drehungen, Isolationen, K\u00f6rperhaltung und Ausdruck. Nur f\u00fcr Anf\u00e4nger mit Kenntnissen.<\/p>\n<\/div><\/div><\/div><div class=\"fusion-layout-column fusion_builder_column fusion-builder-column-2 fusion_builder_column_1_3 1_3 fusion-flex-column\" style=\"--awb-bg-size:cover;--awb-width-large:33.333333333333%;--awb-margin-top-large:0px;--awb-spacing-right-large:5.76%;--awb-margin-bottom-large:20px;--awb-spacing-left-large:5.76%;--awb-width-medium:50%;--awb-order-medium:0;--awb-spacing-right-medium:3.84%;--awb-spacing-left-medium:3.84%;--awb-width-small:100%;--awb-order-small:0;--awb-spacing-right-small:1.92%;--awb-spacing-left-small:1.92%;\"><div class=\"fusion-column-wrapper fusion-column-has-shadow fusion-flex-justify-content-flex-start fusion-content-layout-column\"><div class=\"fusion-text fusion-text-3\" style=\"--awb-text-transform:none;\"><h4>Kreativer Kindertanz<\/h4>\n<p>Da zwischen 3 und 4 Jahren nochmal einige Spr\u00fcnge stattfinden, ist KKT der Folgekurs nach der t\u00e4nzerischen Fr\u00fcherziehung.<\/p>\n<h4>Modern Dance<\/h4>\n<p>Basiert z.B. auf den Methoden der Graham-, Limon-, Cunningham und Horton-Technik. Die Arbeitselemente dieses Stils bestehen aus Kontraktionen, Bodenarbeit und flie\u00dfenden Bewegungen durch den Raum.<\/p>\n<h4>Pre Ballett<\/h4>\n<p>Nach dem Kreativen Kindertanz legt dieser Kurs f\u00fcr die 6-8j\u00e4hrigen die Grundsteine f\u00fcr das sp\u00e4tere klassische Ballett.<\/p>\n<h4>Showdance\/Akrobatik<\/h4>\n<p>Aus dem amerikanischem Tanzsystem entsprungen, ist dieser Stil f\u00fcr alle mutigen Kids ein Muss: akrobatische \u00dcbungen werden mit Hip Hop Basics &amp; Choreos kombiniert.<\/p>\n<\/div><\/div><\/div><div class=\"fusion-layout-column fusion_builder_column fusion-builder-column-3 fusion_builder_column_1_3 1_3 fusion-flex-column\" style=\"--awb-bg-size:cover;--awb-width-large:33.333333333333%;--awb-margin-top-large:0px;--awb-spacing-right-large:5.76%;--awb-margin-bottom-large:20px;--awb-spacing-left-large:5.76%;--awb-width-medium:100%;--awb-order-medium:0;--awb-spacing-right-medium:14.4%;--awb-spacing-left-medium:14.4%;--awb-width-small:100%;--awb-order-small:0;--awb-spacing-right-small:1.92%;--awb-spacing-left-small:1.92%;\"><div class=\"fusion-column-wrapper fusion-column-has-shadow fusion-flex-justify-content-flex-start fusion-content-layout-column\"><div class=\"fusion-text fusion-text-4\" style=\"--awb-text-transform:none;\"><h4>Stage Kids<\/h4>\n<p>Wir vermitteln dir Tanz, Gesang und Schauspiel in einem Kurs mit viel Spa\u00df und Motivation. Hier werden all unsere kreativen Kurse vereint &amp; bieten ein buntes Programm!<\/p>\n<h4>Streetdance<\/h4>\n<p>Die Grundlage f\u00fcr diesen Stil bilden urbane Styles, die auf der Stra\u00dfe &amp; in den Clubs entstanden sind. Z.B. Funk, Hip Hop &#8211; oder elektronische Musik.<\/p>\n<h4>Street Jazz<\/h4>\n<p>Hier lernst du eine Art des Jazz Dance kennen, die Elemente aus dem Street Dance und Hip Hop Bereichen enth\u00e4lt.<\/p>\n<h4 style=\"text-align: left;\">T\u00e4nzerische Fr\u00fcherziehung<\/h4>\n<p>Ab 3 Jahren lernt ihr Kind seine Bewegungsf\u00e4higkeit kennen. In diesem Kurs wird auf spielerische Art Rhythmus, Raum &amp; Musik dem Kind n\u00e4her gebracht.<\/p>\n<\/div><\/div><\/div><\/div><\/div><div class=\"fusion-fullwidth fullwidth-box fusion-builder-row-3 fusion-flex-container nonhundred-percent-fullwidth non-hundred-percent-height-scrolling\" style=\"--awb-border-radius-top-left:0px;--awb-border-radius-top-right:0px;--awb-border-radius-bottom-right:0px;--awb-border-radius-bottom-left:0px;--awb-margin-top:3em;--awb-margin-bottom:3em;--awb-flex-wrap:wrap;\" ><div class=\"fusion-builder-row fusion-row fusion-flex-align-items-flex-start fusion-flex-content-wrap\" style=\"max-width:1248px;margin-left: calc(-4% \/ 2 );margin-right: calc(-4% \/ 2 );\"><div class=\"fusion-layout-column fusion_builder_column fusion-builder-column-4 fusion_builder_column_1_1 1_1 fusion-flex-column\" style=\"--awb-bg-size:cover;--awb-width-large:100%;--awb-margin-top-large:0px;--awb-spacing-right-large:1.92%;--awb-margin-bottom-large:20px;--awb-spacing-left-large:1.92%;--awb-width-medium:100%;--awb-order-medium:0;--awb-spacing-right-medium:1.92%;--awb-spacing-left-medium:1.92%;--awb-width-small:100%;--awb-order-small:0;--awb-spacing-right-small:1.92%;--awb-spacing-left-small:1.92%;\"><div class=\"fusion-column-wrapper fusion-column-has-shadow fusion-flex-justify-content-flex-start fusion-content-layout-column\"><div style=\"text-align:center;\"><a class=\"fusion-button button-flat fusion-button-default-size button-custom fusion-button-default button-1 fusion-button-default-span fusion-button-default-type\" style=\"--button_accent_color:#ffffff;--button_accent_hover_color:var(--awb-custom15);--button_border_hover_color:#ffffff;--button_gradient_top_color:#f4a722;--button_gradient_bottom_color:#f4a722;--button_gradient_top_color_hover:rgba(255,255,255,0.54);--button_gradient_bottom_color_hover:rgba(255,255,255,0.54);\" target=\"_self\" href=\"https:\/\/on-stage-kids.de\/wp-content\/uploads\/2026\/02\/Kids_Kursplan26.pdf\"><span class=\"fusion-button-text awb-button__text awb-button__text--default\">Kursprogramm<\/span><\/a><\/div><\/div><\/div><\/div><\/div><\/p>\n","protected":false},"excerpt":{"rendered":"","protected":false},"author":1,"featured_media":0,"parent":0,"menu_order":0,"comment_status":"closed","ping_status":"closed","template":"","meta":{"footnotes":""},"folder":[],"class_list":["post-1498","page","type-page","status-publish","hentry"],"_links":{"self":[{"href":"https:\/\/on-stage-kids.de\/startseite\/wp-json\/wp\/v2\/pages\/1498","targetHints":{"allow":["GET"]}}],"collection":[{"href":"https:\/\/on-stage-kids.de\/startseite\/wp-json\/wp\/v2\/pages"}],"about":[{"href":"https:\/\/on-stage-kids.de\/startseite\/wp-json\/wp\/v2\/types\/page"}],"author":[{"embeddable":true,"href":"https:\/\/on-stage-kids.de\/startseite\/wp-json\/wp\/v2\/users\/1"}],"replies":[{"embeddable":true,"href":"https:\/\/on-stage-kids.de\/startseite\/wp-json\/wp\/v2\/comments?post=1498"}],"version-history":[{"count":35,"href":"https:\/\/on-stage-kids.de\/startseite\/wp-json\/wp\/v2\/pages\/1498\/revisions"}],"predecessor-version":[{"id":2433,"href":"https:\/\/on-stage-kids.de\/startseite\/wp-json\/wp\/v2\/pages\/1498\/revisions\/2433"}],"wp:attachment":[{"href":"https:\/\/on-stage-kids.de\/startseite\/wp-json\/wp\/v2\/media?parent=1498"}],"wp:term":[{"taxonomy":"folder","embeddable":true,"href":"https:\/\/on-stage-kids.de\/startseite\/wp-json\/wp\/v2\/folder?post=1498"}],"curies":[{"name":"wp","href":"https:\/\/api.w.org\/{rel}","templated":true}]}}