{"id":1007,"date":"2022-01-03T08:51:48","date_gmt":"2022-01-03T08:51:48","guid":{"rendered":"http:\/\/2021.on-stage-kids.de\/?page_id=1007"},"modified":"2026-04-21T06:44:50","modified_gmt":"2026-04-21T06:44:50","slug":"aktuelles","status":"publish","type":"page","link":"https:\/\/on-stage-kids.de\/startseite\/aktuelles\/","title":{"rendered":"Aktuelles"},"content":{"rendered":"<p><div class=\"fusion-fullwidth fullwidth-box fusion-builder-row-1 fusion-flex-container has-pattern-background has-mask-background nonhundred-percent-fullwidth non-hundred-percent-height-scrolling\" style=\"--awb-border-radius-top-left:0px;--awb-border-radius-top-right:0px;--awb-border-radius-bottom-right:0px;--awb-border-radius-bottom-left:0px;--awb-flex-wrap:wrap;\" ><div class=\"fusion-builder-row fusion-row fusion-flex-align-items-flex-start fusion-flex-content-wrap\" style=\"max-width:1248px;margin-left: calc(-4% \/ 2 );margin-right: calc(-4% \/ 2 );\"><div class=\"fusion-layout-column fusion_builder_column fusion-builder-column-0 fusion_builder_column_1_1 1_1 fusion-flex-column\" style=\"--awb-bg-size:cover;--awb-width-large:100%;--awb-margin-top-large:0px;--awb-spacing-right-large:1.92%;--awb-margin-bottom-large:20px;--awb-spacing-left-large:1.92%;--awb-width-medium:100%;--awb-order-medium:0;--awb-spacing-right-medium:1.92%;--awb-spacing-left-medium:1.92%;--awb-width-small:100%;--awb-order-small:0;--awb-spacing-right-small:1.92%;--awb-spacing-left-small:1.92%;\"><div class=\"fusion-column-wrapper fusion-column-has-shadow fusion-flex-justify-content-flex-start fusion-content-layout-column\"><div class=\"fusion-text fusion-text-1\" style=\"--awb-text-transform:none;\"><h2><\/h2>\n<h2><\/h2>\n<h1>Aktuelles<\/h1>\n<\/div><\/div><\/div><div class=\"fusion-layout-column fusion_builder_column fusion-builder-column-1 fusion_builder_column_1_2 1_2 fusion-flex-column\" style=\"--awb-bg-size:cover;--awb-width-large:50%;--awb-margin-top-large:0px;--awb-spacing-right-large:3.84%;--awb-margin-bottom-large:20px;--awb-spacing-left-large:3.84%;--awb-width-medium:100%;--awb-order-medium:0;--awb-spacing-right-medium:1.92%;--awb-spacing-left-medium:1.92%;--awb-width-small:100%;--awb-order-small:0;--awb-spacing-right-small:1.92%;--awb-spacing-left-small:1.92%;\"><div class=\"fusion-column-wrapper fusion-column-has-shadow fusion-flex-justify-content-flex-start fusion-content-layout-column\"><div class=\"fusion-text fusion-text-2\"><h3><strong>KOMMT ZUM TANZEN VORBEI\u00a0<\/strong><\/h3>\n<p>Nach der Gala ist ist vor unserer Dance Week <img decoding=\"async\" class=\"lazyload an1\" draggable=\"false\" src=\"data:image\/gif;base64,R0lGODlhAQABAAAAACH5BAEKAAEALAAAAAABAAEAAAICTAEAOw==\" data-orig-src=\"https:\/\/fonts.gstatic.com\/s\/e\/notoemoji\/17.0\/1f389\/32.png\" alt=\"\ud83c\udf89\" data-emoji=\"\ud83c\udf89\" aria-label=\"\ud83c\udf89\" \/> Diese Woche finden noch die letzten Proben in einigen unserer Kurse statt, danach wird neu durchgestartet und ihr habt die Gelegenheit ein Teil unserer Gruppen zu werden &amp; neue Freunden beim tollsten Hobby \u00fcberhaupt zu finden: Tanzen!<\/p>\n<p>Lerne in dieser Woche uns &amp; unsere Kurse in allen drei Studios kennen: Ob energiegeladener Hip-Hop, kreative Kindertanzstunden, flie\u00dfendes Ballett wie eine Ballerina oder coole Breakdance-Moves \u2013 bei uns findet jede*r seinen Lieblingskurs! Unsere professionellen und liebevollen Tanzp\u00e4dagog*innen sorgen f\u00fcr jede Menge Spa\u00df an der Bewegung, f\u00f6rdern dein K\u00f6rpergef\u00fchl, Selbstvertrauen und nat\u00fcrlich die Freude am gemeinsamen Tanzen.<\/p>\n<p><strong><img decoding=\"async\" class=\"lazyload an1\" draggable=\"false\" src=\"data:image\/svg+xml,%3Csvg%20xmlns%3D%27http%3A%2F%2Fwww.w3.org%2F2000%2Fsvg%27%20width%3D%2716%27%20height%3D%2716%27%20viewBox%3D%270%200%2016%2016%27%3E%3Crect%20width%3D%2716%27%20height%3D%2716%27%20fill-opacity%3D%220%22%2F%3E%3C%2Fsvg%3E\" data-orig-src=\"https:\/\/fonts.gstatic.com\/s\/e\/notoemoji\/17.0\/2757_fe0f\/32.png\" alt=\"\u2757\ufe0f\" width=\"16\" height=\"16\" data-emoji=\"\u2757\ufe0f\" aria-label=\"\u2757\ufe0f\" \/><\/strong>Tanze so viel und so oft durch alle Kurse in deiner Altersgruppe, wie du m\u00f6chtest.<br \/>\n<strong><img decoding=\"async\" class=\"lazyload an1\" draggable=\"false\" src=\"data:image\/svg+xml,%3Csvg%20xmlns%3D%27http%3A%2F%2Fwww.w3.org%2F2000%2Fsvg%27%20width%3D%2716%27%20height%3D%2716%27%20viewBox%3D%270%200%2016%2016%27%3E%3Crect%20width%3D%2716%27%20height%3D%2716%27%20fill-opacity%3D%220%22%2F%3E%3C%2Fsvg%3E\" data-orig-src=\"https:\/\/fonts.gstatic.com\/s\/e\/notoemoji\/17.0\/2757_fe0f\/32.png\" alt=\"\u2757\ufe0f\" width=\"16\" height=\"16\" data-emoji=\"\u2757\ufe0f\" aria-label=\"\u2757\ufe0f\" \/><\/strong>Kurse, wo aktuell eine Warteliste besteht, sind nicht buchbar (diese Website!)<\/p>\n<p><img decoding=\"async\" class=\"lazyload an1\" draggable=\"false\" src=\"data:image\/svg+xml,%3Csvg%20xmlns%3D%27http%3A%2F%2Fwww.w3.org%2F2000%2Fsvg%27%20width%3D%2721%27%20height%3D%2721%27%20viewBox%3D%270%200%2021%2021%27%3E%3Crect%20width%3D%2721%27%20height%3D%2721%27%20fill-opacity%3D%220%22%2F%3E%3C%2Fsvg%3E\" data-orig-src=\"https:\/\/fonts.gstatic.com\/s\/e\/notoemoji\/17.0\/1f4e9\/32.png\" alt=\"\ud83d\udce9\" width=\"21\" height=\"21\" data-emoji=\"\ud83d\udce9\" aria-label=\"\ud83d\udce9\" \/> Die Anmeldung ist verpflichtend &amp; \u00fcber den <strong><a href=\"https:\/\/on-stage-kids.de\/kursplan-und-probetraining\/\">KURSKALENDER<\/a><\/strong> m\u00f6glich!<\/p>\n<p><strong><img decoding=\"async\" class=\"lazyload an1\" draggable=\"false\" src=\"data:image\/svg+xml,%3Csvg%20xmlns%3D%27http%3A%2F%2Fwww.w3.org%2F2000%2Fsvg%27%20width%3D%2716%27%20height%3D%2716%27%20viewBox%3D%270%200%2016%2016%27%3E%3Crect%20width%3D%2716%27%20height%3D%2716%27%20fill-opacity%3D%220%22%2F%3E%3C%2Fsvg%3E\" data-orig-src=\"https:\/\/fonts.gstatic.com\/s\/e\/notoemoji\/17.0\/2757_fe0f\/32.png\" alt=\"\u2757\ufe0f\" width=\"16\" height=\"16\" data-emoji=\"\u2757\ufe0f\" aria-label=\"\u2757\ufe0f\" \/>Erhalte tolle Vorteile bei Vertragsabschluss:<\/strong> Es wird nur die halbe Aufnahmegeb\u00fchr f\u00e4llig &amp; der erste Monatsbeitrag ab Juni! Davor tanzt du f\u00fcr umsonst.<\/p>\n<p><strong>Das Buchen von mehrmaligen Probestunden f\u00fcr die Dance Week ist ab dem 27.04.26 m\u00f6glich!<\/strong><br \/>\nWir freuen uns auf dich\u00a0<img decoding=\"async\" class=\"lazyload an1\" draggable=\"false\" src=\"data:image\/gif;base64,R0lGODlhAQABAAAAACH5BAEKAAEALAAAAAABAAEAAAICTAEAOw==\" data-orig-src=\"https:\/\/fonts.gstatic.com\/s\/e\/notoemoji\/17.0\/1f60e\/32.png\" alt=\"\ud83d\ude0e\" data-emoji=\"\ud83d\ude0e\" aria-label=\"\ud83d\ude0e\" \/><\/p>\n<\/div><\/div><\/div><div class=\"fusion-layout-column fusion_builder_column fusion-builder-column-2 fusion_builder_column_1_2 1_2 fusion-flex-column\" style=\"--awb-bg-size:cover;--awb-width-large:50%;--awb-margin-top-large:0px;--awb-spacing-right-large:3.84%;--awb-margin-bottom-large:20px;--awb-spacing-left-large:3.84%;--awb-width-medium:100%;--awb-order-medium:0;--awb-spacing-right-medium:1.92%;--awb-spacing-left-medium:1.92%;--awb-width-small:100%;--awb-order-small:0;--awb-spacing-right-small:1.92%;--awb-spacing-left-small:1.92%;\"><div class=\"fusion-column-wrapper fusion-column-has-shadow fusion-flex-justify-content-flex-start fusion-content-layout-column\"><div class=\"fusion-image-element \" style=\"text-align:left;--awb-aspect-ratio: 100 \/ 133;--awb-object-position:47% 52%;--awb-caption-title-font-family:var(--h2_typography-font-family);--awb-caption-title-font-weight:var(--h2_typography-font-weight);--awb-caption-title-font-style:var(--h2_typography-font-style);--awb-caption-title-size:var(--h2_typography-font-size);--awb-caption-title-transform:var(--h2_typography-text-transform);--awb-caption-title-line-height:var(--h2_typography-line-height);--awb-caption-title-letter-spacing:var(--h2_typography-letter-spacing);\"><span class=\" fusion-imageframe imageframe-none imageframe-1 hover-type-none has-aspect-ratio\"><img decoding=\"async\" width=\"240\" height=\"300\" title=\"danceweek_mai\" src=\"https:\/\/on-stage-kids.de\/wp-content\/uploads\/2026\/04\/danceweek_mai.jpg\" data-orig-src=\"https:\/\/on-stage-kids.de\/wp-content\/uploads\/2026\/04\/danceweek_mai-240x300.jpg\" class=\"lazyload img-responsive wp-image-2449 img-with-aspect-ratio\" data-parent-fit=\"cover\" data-parent-container=\".fusion-image-element\" alt srcset=\"data:image\/svg+xml,%3Csvg%20xmlns%3D%27http%3A%2F%2Fwww.w3.org%2F2000%2Fsvg%27%20width%3D%271080%27%20height%3D%271350%27%20viewBox%3D%270%200%201080%201350%27%3E%3Crect%20width%3D%271080%27%20height%3D%271350%27%20fill-opacity%3D%220%22%2F%3E%3C%2Fsvg%3E\" data-srcset=\"https:\/\/on-stage-kids.de\/wp-content\/uploads\/2026\/04\/danceweek_mai-200x250.jpg 200w, https:\/\/on-stage-kids.de\/wp-content\/uploads\/2026\/04\/danceweek_mai-400x500.jpg 400w, https:\/\/on-stage-kids.de\/wp-content\/uploads\/2026\/04\/danceweek_mai-600x750.jpg 600w, https:\/\/on-stage-kids.de\/wp-content\/uploads\/2026\/04\/danceweek_mai-800x1000.jpg 800w, https:\/\/on-stage-kids.de\/wp-content\/uploads\/2026\/04\/danceweek_mai.jpg 1080w\" data-sizes=\"auto\" data-orig-sizes=\"(max-width: 1024px) 100vw, (max-width: 640px) 100vw, 600px\" \/><\/span><\/div><\/div><\/div><\/div><\/div><div class=\"fusion-fullwidth fullwidth-box fusion-builder-row-2 fusion-flex-container has-pattern-background has-mask-background nonhundred-percent-fullwidth non-hundred-percent-height-scrolling\" style=\"--awb-border-radius-top-left:0px;--awb-border-radius-top-right:0px;--awb-border-radius-bottom-right:0px;--awb-border-radius-bottom-left:0px;--awb-flex-wrap:wrap;\" ><div class=\"fusion-builder-row fusion-row fusion-flex-align-items-flex-start fusion-flex-content-wrap\" style=\"max-width:1248px;margin-left: calc(-4% \/ 2 );margin-right: calc(-4% \/ 2 );\"><div class=\"fusion-layout-column fusion_builder_column fusion-builder-column-3 fusion_builder_column_1_1 1_1 fusion-flex-column\" style=\"--awb-bg-size:cover;--awb-width-large:100%;--awb-margin-top-large:0px;--awb-spacing-right-large:1.92%;--awb-margin-bottom-large:20px;--awb-spacing-left-large:1.92%;--awb-width-medium:100%;--awb-order-medium:0;--awb-spacing-right-medium:1.92%;--awb-spacing-left-medium:1.92%;--awb-width-small:100%;--awb-order-small:0;--awb-spacing-right-small:1.92%;--awb-spacing-left-small:1.92%;\"><div class=\"fusion-column-wrapper fusion-column-has-shadow fusion-flex-justify-content-flex-start fusion-content-layout-column\"><\/div><\/div><div class=\"fusion-layout-column fusion_builder_column fusion-builder-column-4 fusion_builder_column_1_2 1_2 fusion-flex-column\" style=\"--awb-bg-size:cover;--awb-width-large:50%;--awb-margin-top-large:0px;--awb-spacing-right-large:3.84%;--awb-margin-bottom-large:20px;--awb-spacing-left-large:3.84%;--awb-width-medium:100%;--awb-order-medium:0;--awb-spacing-right-medium:1.92%;--awb-spacing-left-medium:1.92%;--awb-width-small:100%;--awb-order-small:0;--awb-spacing-right-small:1.92%;--awb-spacing-left-small:1.92%;\"><div class=\"fusion-column-wrapper fusion-column-has-shadow fusion-flex-justify-content-flex-start fusion-content-layout-column\"><div class=\"fusion-text fusion-text-3\"><h3 data-fontsize=\"40\" data-lineheight=\"60px\">KIDS GALA 2026<\/h3>\n<p>Bald ist es wieder so weit: Unsere Kids &amp; Teens werden auf der gro\u00dfen B\u00fchne im Kampnagel stehen und performen!<\/p>\n<p><strong>Deswegen markiert euch schon mal den 25.04.26 im Kalender.<\/strong><\/p>\n<p>Genaue Details teilen wir schon ganz bald mit euch!<\/p>\n<\/div><\/div><\/div><div class=\"fusion-layout-column fusion_builder_column fusion-builder-column-5 fusion_builder_column_1_2 1_2 fusion-flex-column\" style=\"--awb-bg-size:cover;--awb-width-large:50%;--awb-margin-top-large:0px;--awb-spacing-right-large:3.84%;--awb-margin-bottom-large:20px;--awb-spacing-left-large:3.84%;--awb-width-medium:100%;--awb-order-medium:0;--awb-spacing-right-medium:1.92%;--awb-spacing-left-medium:1.92%;--awb-width-small:100%;--awb-order-small:0;--awb-spacing-right-small:1.92%;--awb-spacing-left-small:1.92%;\"><div class=\"fusion-column-wrapper fusion-column-has-shadow fusion-flex-justify-content-flex-start fusion-content-layout-column\"><div class=\"fusion-image-element \" style=\"text-align:left;--awb-aspect-ratio: 100 \/ 133;--awb-object-position:47% 52%;--awb-caption-title-font-family:var(--h2_typography-font-family);--awb-caption-title-font-weight:var(--h2_typography-font-weight);--awb-caption-title-font-style:var(--h2_typography-font-style);--awb-caption-title-size:var(--h2_typography-font-size);--awb-caption-title-transform:var(--h2_typography-text-transform);--awb-caption-title-line-height:var(--h2_typography-line-height);--awb-caption-title-letter-spacing:var(--h2_typography-letter-spacing);\"><span class=\" fusion-imageframe imageframe-none imageframe-2 hover-type-none has-aspect-ratio\"><img decoding=\"async\" width=\"240\" height=\"300\" title=\"insta_savethedate\" src=\"https:\/\/on-stage-kids.de\/wp-content\/uploads\/2026\/02\/insta_savethedate-1.jpg\" data-orig-src=\"https:\/\/on-stage-kids.de\/wp-content\/uploads\/2026\/02\/insta_savethedate-1-240x300.jpg\" class=\"lazyload img-responsive wp-image-2439 img-with-aspect-ratio\" data-parent-fit=\"cover\" data-parent-container=\".fusion-image-element\" alt srcset=\"data:image\/svg+xml,%3Csvg%20xmlns%3D%27http%3A%2F%2Fwww.w3.org%2F2000%2Fsvg%27%20width%3D%271080%27%20height%3D%271350%27%20viewBox%3D%270%200%201080%201350%27%3E%3Crect%20width%3D%271080%27%20height%3D%271350%27%20fill-opacity%3D%220%22%2F%3E%3C%2Fsvg%3E\" data-srcset=\"https:\/\/on-stage-kids.de\/wp-content\/uploads\/2026\/02\/insta_savethedate-1-200x250.jpg 200w, https:\/\/on-stage-kids.de\/wp-content\/uploads\/2026\/02\/insta_savethedate-1-400x500.jpg 400w, https:\/\/on-stage-kids.de\/wp-content\/uploads\/2026\/02\/insta_savethedate-1-600x750.jpg 600w, https:\/\/on-stage-kids.de\/wp-content\/uploads\/2026\/02\/insta_savethedate-1-800x1000.jpg 800w, https:\/\/on-stage-kids.de\/wp-content\/uploads\/2026\/02\/insta_savethedate-1.jpg 1080w\" data-sizes=\"auto\" data-orig-sizes=\"(max-width: 1024px) 100vw, (max-width: 640px) 100vw, 600px\" \/><\/span><\/div><\/div><\/div><\/div><\/div><div class=\"fusion-fullwidth fullwidth-box fusion-builder-row-3 fusion-flex-container has-pattern-background has-mask-background nonhundred-percent-fullwidth non-hundred-percent-height-scrolling\" style=\"--awb-border-radius-top-left:0px;--awb-border-radius-top-right:0px;--awb-border-radius-bottom-right:0px;--awb-border-radius-bottom-left:0px;--awb-flex-wrap:wrap;\" ><div class=\"fusion-builder-row fusion-row fusion-flex-align-items-flex-start fusion-flex-content-wrap\" style=\"max-width:1248px;margin-left: calc(-4% \/ 2 );margin-right: calc(-4% \/ 2 );\"><div class=\"fusion-layout-column fusion_builder_column fusion-builder-column-6 fusion_builder_column_1_1 1_1 fusion-flex-column\" style=\"--awb-bg-size:cover;--awb-width-large:100%;--awb-margin-top-large:0px;--awb-spacing-right-large:1.92%;--awb-margin-bottom-large:20px;--awb-spacing-left-large:1.92%;--awb-width-medium:100%;--awb-order-medium:0;--awb-spacing-right-medium:1.92%;--awb-spacing-left-medium:1.92%;--awb-width-small:100%;--awb-order-small:0;--awb-spacing-right-small:1.92%;--awb-spacing-left-small:1.92%;\"><div class=\"fusion-column-wrapper fusion-column-has-shadow fusion-flex-justify-content-flex-start fusion-content-layout-column\"><\/div><\/div><div class=\"fusion-layout-column fusion_builder_column fusion-builder-column-7 fusion_builder_column_1_2 1_2 fusion-flex-column\" style=\"--awb-bg-size:cover;--awb-width-large:50%;--awb-margin-top-large:0px;--awb-spacing-right-large:3.84%;--awb-margin-bottom-large:20px;--awb-spacing-left-large:3.84%;--awb-width-medium:100%;--awb-order-medium:0;--awb-spacing-right-medium:1.92%;--awb-spacing-left-medium:1.92%;--awb-width-small:100%;--awb-order-small:0;--awb-spacing-right-small:1.92%;--awb-spacing-left-small:1.92%;\"><div class=\"fusion-column-wrapper fusion-column-has-shadow fusion-flex-justify-content-flex-start fusion-content-layout-column\"><div class=\"fusion-text fusion-text-4\"><h3 data-fontsize=\"40\" data-lineheight=\"60px\">TANZGEBURTSTAGE!<\/h3>\n<p data-fontsize=\"40\" data-lineheight=\"60px\">Verbringe deinen Geburtstag mit deinen Freunden und lernt gemeinsam tolle neue Moves. Egal, ob Hip Hop, Ballett oder Tik Tok Dance: Unsere Trainer*innen bringen dir mit ganz viel Spa\u00df tolle Choreos bei! Ab sofort kannst du uns auf der neuen Unterseite &#8222;Kindergeburtstag&#8220; ganz unverbindlich deinen Wunschgeburtstag anfragen.<\/p>\n<p data-fontsize=\"40\" data-lineheight=\"60px\">Wie bieten neben 60min Tanz &amp; Spa\u00df noch ein paar Extras, die deinen Tag abrunden werden! Unsere tollen Dozent*innen bieten dir und deinen Freunden eine einmalige Stunde, die du nicht vergessen wirst.<\/p>\n<p data-fontsize=\"40\" data-lineheight=\"60px\">Alle Details findest du <a href=\"https:\/\/on-stage-kids.de\/startseite\/kindergeburtstag\/\"><strong>HIER<\/strong><\/a> und bei Fragen schreibst du uns einfach an!<\/p>\n<p data-fontsize=\"40\" data-lineheight=\"60px\">Wir freuen uns auf dich, dein On Stage Kids Team<\/p>\n<\/div><\/div><\/div><div class=\"fusion-layout-column fusion_builder_column fusion-builder-column-8 fusion_builder_column_1_2 1_2 fusion-flex-column\" style=\"--awb-bg-size:cover;--awb-width-large:50%;--awb-margin-top-large:0px;--awb-spacing-right-large:3.84%;--awb-margin-bottom-large:20px;--awb-spacing-left-large:3.84%;--awb-width-medium:100%;--awb-order-medium:0;--awb-spacing-right-medium:1.92%;--awb-spacing-left-medium:1.92%;--awb-width-small:100%;--awb-order-small:0;--awb-spacing-right-small:1.92%;--awb-spacing-left-small:1.92%;\"><div class=\"fusion-column-wrapper fusion-column-has-shadow fusion-flex-justify-content-flex-start fusion-content-layout-column\"><div class=\"fusion-image-element \" style=\"text-align:left;--awb-aspect-ratio: 100 \/ 133;--awb-object-position:47% 52%;--awb-caption-title-font-family:var(--h2_typography-font-family);--awb-caption-title-font-weight:var(--h2_typography-font-weight);--awb-caption-title-font-style:var(--h2_typography-font-style);--awb-caption-title-size:var(--h2_typography-font-size);--awb-caption-title-transform:var(--h2_typography-text-transform);--awb-caption-title-line-height:var(--h2_typography-line-height);--awb-caption-title-letter-spacing:var(--h2_typography-letter-spacing);\"><span class=\" fusion-imageframe imageframe-none imageframe-3 hover-type-none has-aspect-ratio\"><img decoding=\"async\" width=\"240\" height=\"300\" title=\"gebu\" src=\"https:\/\/on-stage-kids.de\/wp-content\/uploads\/2026\/02\/gebu.jpg\" data-orig-src=\"https:\/\/on-stage-kids.de\/wp-content\/uploads\/2026\/02\/gebu-240x300.jpg\" class=\"lazyload img-responsive wp-image-2434 img-with-aspect-ratio\" data-parent-fit=\"cover\" data-parent-container=\".fusion-image-element\" alt srcset=\"data:image\/svg+xml,%3Csvg%20xmlns%3D%27http%3A%2F%2Fwww.w3.org%2F2000%2Fsvg%27%20width%3D%271080%27%20height%3D%271350%27%20viewBox%3D%270%200%201080%201350%27%3E%3Crect%20width%3D%271080%27%20height%3D%271350%27%20fill-opacity%3D%220%22%2F%3E%3C%2Fsvg%3E\" data-srcset=\"https:\/\/on-stage-kids.de\/wp-content\/uploads\/2026\/02\/gebu-200x250.jpg 200w, https:\/\/on-stage-kids.de\/wp-content\/uploads\/2026\/02\/gebu-400x500.jpg 400w, https:\/\/on-stage-kids.de\/wp-content\/uploads\/2026\/02\/gebu-600x750.jpg 600w, https:\/\/on-stage-kids.de\/wp-content\/uploads\/2026\/02\/gebu-800x1000.jpg 800w, https:\/\/on-stage-kids.de\/wp-content\/uploads\/2026\/02\/gebu.jpg 1080w\" data-sizes=\"auto\" data-orig-sizes=\"(max-width: 1024px) 100vw, (max-width: 640px) 100vw, 600px\" \/><\/span><\/div><\/div><\/div><\/div><\/div><div class=\"fusion-fullwidth fullwidth-box fusion-builder-row-4 fusion-flex-container has-pattern-background has-mask-background nonhundred-percent-fullwidth non-hundred-percent-height-scrolling\" style=\"--awb-border-radius-top-left:0px;--awb-border-radius-top-right:0px;--awb-border-radius-bottom-right:0px;--awb-border-radius-bottom-left:0px;--awb-flex-wrap:wrap;\" ><div class=\"fusion-builder-row fusion-row fusion-flex-align-items-flex-start fusion-flex-content-wrap\" style=\"max-width:1248px;margin-left: calc(-4% \/ 2 );margin-right: calc(-4% \/ 2 );\"><\/div><\/div><div class=\"fusion-fullwidth fullwidth-box fusion-builder-row-5 fusion-flex-container has-pattern-background has-mask-background nonhundred-percent-fullwidth non-hundred-percent-height-scrolling\" style=\"--awb-border-radius-top-left:0px;--awb-border-radius-top-right:0px;--awb-border-radius-bottom-right:0px;--awb-border-radius-bottom-left:0px;--awb-flex-wrap:wrap;\" ><div class=\"fusion-builder-row fusion-row fusion-flex-align-items-flex-start fusion-flex-content-wrap\" style=\"max-width:1248px;margin-left: calc(-4% \/ 2 );margin-right: calc(-4% \/ 2 );\"><\/div><\/div><\/p>\n","protected":false},"excerpt":{"rendered":"","protected":false},"author":1,"featured_media":0,"parent":0,"menu_order":0,"comment_status":"closed","ping_status":"closed","template":"","meta":{"footnotes":""},"folder":[],"class_list":["post-1007","page","type-page","status-publish","hentry"],"_links":{"self":[{"href":"https:\/\/on-stage-kids.de\/startseite\/wp-json\/wp\/v2\/pages\/1007","targetHints":{"allow":["GET"]}}],"collection":[{"href":"https:\/\/on-stage-kids.de\/startseite\/wp-json\/wp\/v2\/pages"}],"about":[{"href":"https:\/\/on-stage-kids.de\/startseite\/wp-json\/wp\/v2\/types\/page"}],"author":[{"embeddable":true,"href":"https:\/\/on-stage-kids.de\/startseite\/wp-json\/wp\/v2\/users\/1"}],"replies":[{"embeddable":true,"href":"https:\/\/on-stage-kids.de\/startseite\/wp-json\/wp\/v2\/comments?post=1007"}],"version-history":[{"count":84,"href":"https:\/\/on-stage-kids.de\/startseite\/wp-json\/wp\/v2\/pages\/1007\/revisions"}],"predecessor-version":[{"id":2452,"href":"https:\/\/on-stage-kids.de\/startseite\/wp-json\/wp\/v2\/pages\/1007\/revisions\/2452"}],"wp:attachment":[{"href":"https:\/\/on-stage-kids.de\/startseite\/wp-json\/wp\/v2\/media?parent=1007"}],"wp:term":[{"taxonomy":"folder","embeddable":true,"href":"https:\/\/on-stage-kids.de\/startseite\/wp-json\/wp\/v2\/folder?post=1007"}],"curies":[{"name":"wp","href":"https:\/\/api.w.org\/{rel}","templated":true}]}}